{"id":45,"date":"2008-06-12T16:27:06","date_gmt":"2008-06-12T14:27:06","guid":{"rendered":"http:\/\/cameracartell.com\/wp\/?page_id=45"},"modified":"2013-03-12T14:24:36","modified_gmt":"2013-03-12T12:24:36","slug":"concept","status":"publish","type":"page","link":"https:\/\/cameracartell.com\/wp\/?page_id=45","title":{"rendered":"concept of cameracartell"},"content":{"rendered":"<p style=\"text-align: justify;\">\n<p style=\"text-align: left;\">\n<p>Cameracartell is an international Artist-group, based in Germany, which commits itself to artistic exchange and a\u00a0work dialogue in the fields of video art, video installation and experimental film.<\/p>\n<p>Cameracartell is defining itself as\u00a0an organic platform with a rhizomatic structure: approachable from different perspectives, not defining a pre-determined form and in combinations consistently variable.\u00a0A heterotopy, which is operating between spaces and which is combining and merging contemporary positions between art and film. In regular intervals\u00a0 Cameracartell is opposing cinematic-artistic positions, accompanied by a range of discourses that are fathoming applied themes together with theoreticians and authors. Presentations are happening in different contexts, in galleries, cinemas or museums, in public spaces or in between.<\/p>\n<p><em>developed by Marte Kiessling (Berlin), Stephanie Sarah Lauke (Cologne)\u00a0 and Vanessa Nica Mueller (Hamburg)<\/em><\/p>\n<p><strong><span style=\"color: #3366ff;\">:::::::: \u00a0german version\/ deutsche Version \u00a0:::::::::::::::::::::::::::<\/span><\/strong><\/p>\n<p><strong> <\/strong><\/p>\n<p>Cameracartell ist eine internationale K\u00fcnstlergruppierung, mit Sitz in Deutschland, die sich dem k\u00fcnstlerischen Austausch und Werkdialog im Bereich Videokunst, Videoinstallation und experimentellem Film verschrieben hat.<\/p>\n<p>Der Begriff des Kartells wurde in seiner Bedeutung dahingehend transformiert, dass Cameracartell in seiner Vorgehensweise Strategien der Marktwirtschaft aufgreift, um sich diskursiv in k\u00fcnstlerischen Prozessen zu verbreiten und zu pr\u00e4sentieren. Cameracartell definiert sich als organische Plattform mit rhizomatischer Struktur: aus unterschiedlichen Blickwinkeln zug\u00e4nglich, keine festgelegte Form beschreibend und in ihrer K\u00fcnstler- und Werkkonstellation immer wieder variabel. Eine Heterotopie, die zwischen Orten agiert und zeitgen\u00f6ssische Positionen zwischen Kunst und Film kombiniert und neu zusammenf\u00fchrt.<br \/>\nIn regelm\u00e4\u00dfigen Abst\u00e4nden werden filmisch-k\u00fcnstlerische Positionen gegen\u00fcbergestellt, begleitet von einer Reihe von Videodiskursen, in denen gesetzte Themenfelder mit Theoretikern und Autoren neu ausgelotet werden. Pr\u00e4sentationen finden in unterschiedlichen Kontexten statt z.B. in Galerie, Kino, Museum und im \u00f6ffentlichen Raum.<\/p>\n<p><em>initiiert von Marte Kiessling (Berlin), Stephanie Sarah Lauke (Cologne)\u00a0 und Vanessa Nica Mueller (Hamburg)<\/em><\/p>\n<p><a href=\"http:\/\/cameracartell.com\/wp\/wp-content\/uploads\/2008\/06\/cameracartell-logo-1.jpg\"><img loading=\"lazy\" decoding=\"async\" class=\"alignnone size-full wp-image-355\" title=\"cameracartell-logo-1\" src=\"http:\/\/cameracartell.com\/wp\/wp-content\/uploads\/2008\/06\/cameracartell-logo-1.jpg\" alt=\"\" width=\"185\" height=\"125\" \/><\/a><\/p>\n","protected":false},"excerpt":{"rendered":"<p>Cameracartell is an international Artist-group, based in Germany, which commits itself to artistic exchange and a\u00a0work dialogue in the fields of video art, video installation and experimental film. Cameracartell is defining itself as\u00a0an organic platform with a rhizomatic structure: approachable from different perspectives, not defining a pre-determined form and in combinations consistently variable.\u00a0A heterotopy, which [&hellip;]<\/p>\n","protected":false},"author":2,"featured_media":0,"parent":0,"menu_order":0,"comment_status":"closed","ping_status":"open","template":"","meta":{"footnotes":""},"_links":{"self":[{"href":"https:\/\/cameracartell.com\/wp\/index.php?rest_route=\/wp\/v2\/pages\/45"}],"collection":[{"href":"https:\/\/cameracartell.com\/wp\/index.php?rest_route=\/wp\/v2\/pages"}],"about":[{"href":"https:\/\/cameracartell.com\/wp\/index.php?rest_route=\/wp\/v2\/types\/page"}],"author":[{"embeddable":true,"href":"https:\/\/cameracartell.com\/wp\/index.php?rest_route=\/wp\/v2\/users\/2"}],"replies":[{"embeddable":true,"href":"https:\/\/cameracartell.com\/wp\/index.php?rest_route=%2Fwp%2Fv2%2Fcomments&post=45"}],"version-history":[{"count":13,"href":"https:\/\/cameracartell.com\/wp\/index.php?rest_route=\/wp\/v2\/pages\/45\/revisions"}],"predecessor-version":[{"id":263,"href":"https:\/\/cameracartell.com\/wp\/index.php?rest_route=\/wp\/v2\/pages\/45\/revisions\/263"}],"wp:attachment":[{"href":"https:\/\/cameracartell.com\/wp\/index.php?rest_route=%2Fwp%2Fv2%2Fmedia&parent=45"}],"curies":[{"name":"wp","href":"https:\/\/api.w.org\/{rel}","templated":true}]}}